{"id":892,"date":"2019-01-14T15:36:23","date_gmt":"2019-01-14T14:36:23","guid":{"rendered":"https:\/\/www.scierielbsa.fr\/produit\/poutres-chene\/"},"modified":"2019-02-01T11:48:06","modified_gmt":"2019-02-01T10:48:06","slug":"vigas-de-roble","status":"publish","type":"product","link":"https:\/\/www.scierielbsa.fr\/es\/nuestros-productos\/vigas-de-roble\/","title":{"rendered":"Vigas de roble"},"content":{"rendered":"","protected":false},"excerpt":{"rendered":"<p lang=\"es-ES\">Producimos vigas de roble en todas las secciones, cortadas a medida, seg\u00fan sus necesidades. Nuestros productos de carpinter\u00eda de roble se seleccionan para una calidad \u00f3ptima y cuentan con certificaci\u00f3n CE.<\/p>\n<p lang=\"es-ES\">Las vigas se venden verdes.<\/p>\n<p lang=\"es-ES\">Calidades: D18 \u2013 D24<br \/>\nSecciones: 80 a 450 mm<br \/>\nLargos: 2000 a 9000 mm<\/p>\n","protected":false},"featured_media":893,"template":"","meta":[],"product_brand":[],"product_cat":[57],"product_tag":[],"class_list":{"0":"post-892","1":"product","2":"type-product","3":"status-publish","4":"has-post-thumbnail","6":"product_cat-roble","8":"first","9":"instock","10":"shipping-taxable","11":"product-type-simple"},"_links":{"self":[{"href":"https:\/\/www.scierielbsa.fr\/es\/wp-json\/wp\/v2\/product\/892","targetHints":{"allow":["GET"]}}],"collection":[{"href":"https:\/\/www.scierielbsa.fr\/es\/wp-json\/wp\/v2\/product"}],"about":[{"href":"https:\/\/www.scierielbsa.fr\/es\/wp-json\/wp\/v2\/types\/product"}],"wp:featuredmedia":[{"embeddable":true,"href":"https:\/\/www.scierielbsa.fr\/es\/wp-json\/wp\/v2\/media\/893"}],"wp:attachment":[{"href":"https:\/\/www.scierielbsa.fr\/es\/wp-json\/wp\/v2\/media?parent=892"}],"wp:term":[{"taxonomy":"product_brand","embeddable":true,"href":"https:\/\/www.scierielbsa.fr\/es\/wp-json\/wp\/v2\/product_brand?post=892"},{"taxonomy":"product_cat","embeddable":true,"href":"https:\/\/www.scierielbsa.fr\/es\/wp-json\/wp\/v2\/product_cat?post=892"},{"taxonomy":"product_tag","embeddable":true,"href":"https:\/\/www.scierielbsa.fr\/es\/wp-json\/wp\/v2\/product_tag?post=892"}],"curies":[{"name":"wp","href":"https:\/\/api.w.org\/{rel}","templated":true}]}}