{"id":868,"date":"2019-01-14T15:28:40","date_gmt":"2019-01-14T14:28:40","guid":{"rendered":"https:\/\/www.scierielbsa.fr\/produit\/avives-chene-delignes-apres-sechage\/"},"modified":"2019-02-01T11:48:58","modified_gmt":"2019-02-01T10:48:58","slug":"avives-chene-delignes-apres-sechagetablas-canteadas-de-roble-despues-de-secadero","status":"publish","type":"product","link":"https:\/\/www.scierielbsa.fr\/es\/nuestros-productos\/avives-chene-delignes-apres-sechagetablas-canteadas-de-roble-despues-de-secadero\/","title":{"rendered":"Tablas canteadas de roble despu\u00e9s de secadero"},"content":{"rendered":"","protected":false},"excerpt":{"rendered":"<p lang=\"es-ES\">Nuestro aserradero fabrica tablas canteadas y piecerios de roble canteados a partir de tablones previamente secados con un grueso de 27 mm (otros gruesos previa solicitud).<\/p>\n<p lang=\"es-ES\">Estos productos est\u00e1n destinados al sector de la carpinter\u00eda, los muebles, el parqu\u00e9 y a la fabricaci\u00f3n de molduras y similares.<\/p>\n<h2><span lang=\"es-ES\">Tablas canteadas <\/span><\/h2>\n<p lang=\"es-ES\">Calidades: QF1a\/b &#8211; QF1b\/2 &#8211; QF2\/3\u00a0&#8211; QF1a\/bx &#8211; QF1b\/2x &#8211; QF2\/3x &#8211; QF4xx &#8211; QF5xx<br \/>\nAnchos fijos: 115 \/ 140 \/ 162 \/ 200 \/ 215 \/ 255 \/ 270 \/ 300 mm<br \/>\nLargos: 1700 mm y +<\/p>\n<h2>Piecerios<\/h2>\n<p lang=\"pt-PT\">Calidades: QF1a &#8211; QF1ax &#8211; QF1b\/2 &#8211; QF1b\/2xx<br \/>\nAnchos fijos: 70 \/ 80 \/ 100 \/ 115 mm<br \/>\nLargos fijos: 300 a 2300 mm<\/p>\n","protected":false},"featured_media":758,"template":"","meta":[],"product_brand":[],"product_cat":[57],"product_tag":[],"class_list":{"0":"post-868","1":"product","2":"type-product","3":"status-publish","4":"has-post-thumbnail","6":"product_cat-roble","8":"first","9":"instock","10":"shipping-taxable","11":"product-type-simple"},"_links":{"self":[{"href":"https:\/\/www.scierielbsa.fr\/es\/wp-json\/wp\/v2\/product\/868","targetHints":{"allow":["GET"]}}],"collection":[{"href":"https:\/\/www.scierielbsa.fr\/es\/wp-json\/wp\/v2\/product"}],"about":[{"href":"https:\/\/www.scierielbsa.fr\/es\/wp-json\/wp\/v2\/types\/product"}],"wp:featuredmedia":[{"embeddable":true,"href":"https:\/\/www.scierielbsa.fr\/es\/wp-json\/wp\/v2\/media\/758"}],"wp:attachment":[{"href":"https:\/\/www.scierielbsa.fr\/es\/wp-json\/wp\/v2\/media?parent=868"}],"wp:term":[{"taxonomy":"product_brand","embeddable":true,"href":"https:\/\/www.scierielbsa.fr\/es\/wp-json\/wp\/v2\/product_brand?post=868"},{"taxonomy":"product_cat","embeddable":true,"href":"https:\/\/www.scierielbsa.fr\/es\/wp-json\/wp\/v2\/product_cat?post=868"},{"taxonomy":"product_tag","embeddable":true,"href":"https:\/\/www.scierielbsa.fr\/es\/wp-json\/wp\/v2\/product_tag?post=868"}],"curies":[{"name":"wp","href":"https:\/\/api.w.org\/{rel}","templated":true}]}}