{"id":822,"date":"2018-02-20T09:47:31","date_gmt":"2018-02-20T09:47:31","guid":{"rendered":"https:\/\/www.scierielbsa.fr\/contact-lbsa\/"},"modified":"2019-02-07T16:38:38","modified_gmt":"2019-02-07T15:38:38","slug":"contactenos","status":"publish","type":"page","link":"https:\/\/www.scierielbsa.fr\/es\/contactenos\/","title":{"rendered":"Cont\u00e1ctenos"},"content":{"rendered":"<p>[vc_row css_animation=&#8221;&#8221; row_type=&#8221;row&#8221; use_row_as_full_screen_section=&#8221;no&#8221; type=&#8221;grid&#8221; angled_section=&#8221;no&#8221; text_align=&#8221;left&#8221; background_image_as_pattern=&#8221;without_pattern&#8221; padding_top=&#8221;90&#8243; padding_bottom=&#8221;149&#8243; z_index=&#8221;&#8221; css=&#8221;.vc_custom_1547459542625{padding-bottom: 60px !important;}&#8221;][vc_column width=&#8221;1\/2&#8243; offset=&#8221;vc_col-md-5&#8243;][qode_elements_holder number_of_columns=&#8221;one_column&#8221;][qode_elements_holder_item item_padding=&#8221;100px 68px 0 0px&#8221; advanced_animations=&#8221;no&#8221; item_padding_1280_1440=&#8221;76px 68px 0 0px&#8221; item_padding_1024_1280=&#8221;76px 68px 0 0px&#8221; item_padding_768_1024=&#8221;72px 40px 0 0px&#8221; item_padding_600_768=&#8221;10px 40px 50px 0px&#8221; item_padding_480_600=&#8221;10px 0px 50px 0px&#8221; item_padding_480=&#8221;10px 0px 50px 0px&#8221;][vc_column_text]<\/p>\n<h4>Serreria LBSA<\/h4>\n<p>[\/vc_column_text][vc_empty_space height=&#8221;1px&#8221;][vc_column_text]<\/p>\n<h2>Localizaci\u00f3n<\/h2>\n<p>[\/vc_column_text][vc_empty_space height=&#8221;36px&#8221;][vc_column_text]Situada en Viriat, 70km al norte de Lyon, la serreria LBSA est\u00e1 al lado de las autopistas A40 y A39. LBSA tiene una entrada reservada para camiones y otra para visitantes.[\/vc_column_text][vc_empty_space height=&#8221;35px&#8221;]<div class=\"q_icon_list\"><i class=\"qode_icon_font_awesome fa fa-map-marker qode-ili-icon-holder transparent\" style=\"font-size: 34px;color: #c89454;\" ><\/i><p style=\"color:#8a8184;font-size: 15px;font-weight: 300;margin-bottom: 5px;\">2592A Chemin de Tanvol, 01440 Viriat - Rh\u00f4ne-Apes FRANCE<\/p><\/div><div class=\"q_icon_list\"><i class=\"qode_icon_font_awesome fa fa-mobile qode-ili-icon-holder transparent\" style=\"font-size: 34px;color: #c89454;\" ><\/i><p style=\"color:#8a8184;font-size: 15px;font-weight: 300;margin-bottom: 5px;\">+33 (0)4 74 23 29 32<\/p><\/div><div class=\"q_icon_list\"><i class=\"qode_icon_font_awesome fa fa-clock-o qode-ili-icon-holder transparent\" style=\"font-size: 34px;color: #c89454;\" ><\/i><p style=\"color:#8a8184;font-size: 15px;font-weight: 300;margin-bottom: 5px;\">De lunes a viernes, de 8 a 12h y 14 a 17h30<\/p><\/div><div class=\"q_icon_list\"><i class=\"qode_icon_font_awesome fa fa-map-o qode-ili-icon-holder transparent\" style=\"font-size: 24px;color: #c89454;\" ><\/i><p style=\"color:#8a8184;font-size: 15px;font-weight: 300;margin-bottom: 5px;\">\u00c1rea : Francia y Internacional<\/p><\/div>[\/qode_elements_holder_item][\/qode_elements_holder][\/vc_column][vc_column width=&#8221;1\/2&#8243; offset=&#8221;vc_col-md-7&#8243;]\n<div class=\"wpcf7 no-js\" id=\"wpcf7-f996-o1\" lang=\"en-US\" dir=\"ltr\" data-wpcf7-id=\"996\">\n<div class=\"screen-reader-response\"><p role=\"status\" aria-live=\"polite\" aria-atomic=\"true\"><\/p> <ul><\/ul><\/div>\n<form action=\"\/es\/wp-json\/wp\/v2\/pages\/822#wpcf7-f996-o1\" method=\"post\" class=\"wpcf7-form init default\" aria-label=\"Contact form\" novalidate=\"novalidate\" data-status=\"init\">\n<fieldset class=\"hidden-fields-container\"><input type=\"hidden\" name=\"_wpcf7\" value=\"996\" \/><input type=\"hidden\" name=\"_wpcf7_version\" value=\"6.1.5\" \/><input type=\"hidden\" name=\"_wpcf7_locale\" value=\"en_US\" \/><input type=\"hidden\" name=\"_wpcf7_unit_tag\" value=\"wpcf7-f996-o1\" \/><input type=\"hidden\" name=\"_wpcf7_container_post\" value=\"0\" \/><input type=\"hidden\" name=\"_wpcf7_posted_data_hash\" value=\"\" \/><input type=\"hidden\" name=\"_wpcf7_recaptcha_response\" value=\"\" \/>\n<\/fieldset>\n<p><label>Apellido*<br \/>\n<span class=\"wpcf7-form-control-wrap\" data-name=\"your-name\"><input size=\"40\" maxlength=\"400\" class=\"wpcf7-form-control wpcf7-text wpcf7-validates-as-required\" aria-required=\"true\" aria-invalid=\"false\" value=\"\" type=\"text\" name=\"your-name\" \/><\/span> <\/label>\n<\/p>\n<p><label>Nombre*<br \/>\n<span class=\"wpcf7-form-control-wrap\" data-name=\"your-prenom\"><input size=\"40\" maxlength=\"400\" class=\"wpcf7-form-control wpcf7-text wpcf7-validates-as-required\" aria-required=\"true\" aria-invalid=\"false\" value=\"\" type=\"text\" name=\"your-prenom\" \/><\/span> <\/label>\n<\/p>\n<p><label>Empresa*<br \/>\n<span class=\"wpcf7-form-control-wrap\" data-name=\"your-society\"><input size=\"40\" maxlength=\"400\" class=\"wpcf7-form-control wpcf7-text wpcf7-validates-as-required\" aria-required=\"true\" aria-invalid=\"false\" value=\"\" type=\"text\" name=\"your-society\" \/><\/span> <\/label>\n<\/p>\n<p><label>su email*<br \/>\n<span class=\"wpcf7-form-control-wrap\" data-name=\"your-email\"><input size=\"40\" maxlength=\"400\" class=\"wpcf7-form-control wpcf7-email wpcf7-validates-as-required wpcf7-text wpcf7-validates-as-email\" aria-required=\"true\" aria-invalid=\"false\" value=\"\" type=\"email\" name=\"your-email\" \/><\/span> <\/label>\n<\/p>\n<p><label>Tel\u00e9fono*<br \/>\n<span class=\"wpcf7-form-control-wrap\" data-name=\"your-tel\"><input size=\"40\" maxlength=\"400\" class=\"wpcf7-form-control wpcf7-tel wpcf7-validates-as-required wpcf7-text wpcf7-validates-as-tel\" aria-required=\"true\" aria-invalid=\"false\" value=\"\" type=\"tel\" name=\"your-tel\" \/><\/span> <\/label>\n<\/p>\n<p><label> Mensaje*<br \/>\n<span class=\"wpcf7-form-control-wrap\" data-name=\"your-message\"><textarea cols=\"40\" rows=\"10\" maxlength=\"2000\" class=\"wpcf7-form-control wpcf7-textarea wpcf7-validates-as-required\" aria-required=\"true\" aria-invalid=\"false\" name=\"your-message\"><\/textarea><\/span> <\/label>\n<\/p>\n<p><input class=\"wpcf7-form-control wpcf7-submit has-spinner\" type=\"submit\" value=\"Enviar\" \/>\n<\/p><div class=\"wpcf7-response-output\" aria-hidden=\"true\"><\/div>\n<\/form>\n<\/div>\n[vc_column_text]LBSA recoge sus datos para tramitar su solicitud. De acuerdo a la ley \u201cInformatique et Libert\u00e9s\u201d, podr\u00e1 ejercer los derechos de acceso, rectificaci\u00f3n, cancelaci\u00f3n y oposici\u00f3n del uso de sus datos al contacto arriba.[\/vc_column_text][\/vc_column][\/vc_row][vc_row css_animation=&#8221;&#8221; row_type=&#8221;row&#8221; use_row_as_full_screen_section=&#8221;no&#8221; type=&#8221;grid&#8221; angled_section=&#8221;no&#8221; text_align=&#8221;left&#8221; background_image_as_pattern=&#8221;without_pattern&#8221; padding_top=&#8221;90&#8243; padding_bottom=&#8221;149&#8243; z_index=&#8221;&#8221; css=&#8221;.vc_custom_1547459490149{padding-top: 0px !important;padding-bottom: 20px !important;}&#8221;][vc_column offset=&#8221;vc_col-md-5&#8243;][qode_elements_holder number_of_columns=&#8221;one_column&#8221;][qode_elements_holder_item item_padding=&#8221;0!important&#8221; advanced_animations=&#8221;no&#8221; item_padding_1280_1440=&#8221;76px 68px 0 0px&#8221; item_padding_1024_1280=&#8221;76px 68px 0 0px&#8221; item_padding_768_1024=&#8221;72px 40px 0 0px&#8221; item_padding_600_768=&#8221;10px 40px 50px 0px&#8221; item_padding_480_600=&#8221;10px 0px 50px 0px&#8221; item_padding_480=&#8221;10px 0px 50px 0px&#8221;][vc_column_text]<\/p>\n<h2>D\u00f3nde estamos<\/h2>\n<p>[\/vc_column_text][\/qode_elements_holder_item][\/qode_elements_holder][\/vc_column][\/vc_row][vc_row css_animation=&#8221;&#8221; row_type=&#8221;row&#8221; use_row_as_full_screen_section=&#8221;no&#8221; type=&#8221;full_width&#8221; angled_section=&#8221;no&#8221; text_align=&#8221;left&#8221; background_image_as_pattern=&#8221;without_pattern&#8221;][vc_column css=&#8221;.vc_custom_1547459116592{margin-top: 0px !important;margin-left: 0px !important;border-top-width: 0px !important;padding-top: 0px !important;padding-bottom: 0px !important;}&#8221;][vc_gmaps link=&#8221;#E-8_JTNDaWZyYW1lJTIwc3JjJTNEJTIyaHR0cHMlM0ElMkYlMkZ3d3cuZ29vZ2xlLmNvbSUyRm1hcHMlMkZlbWJlZCUzRnBiJTNEJTIxMW0xOCUyMTFtMTIlMjExbTMlMjExZDcwNjQwNC41NjkzNTcxOTQlMjEyZDUuMzUyNjY1MTU4NDMwNzg4NSUyMTNkNDYuMjQyNDE3NTI4NjcxODklMjEybTMlMjExZjAlMjEyZjAlMjEzZjAlMjEzbTIlMjExaTEwMjQlMjEyaTc2OCUyMTRmMTMuMSUyMTNtMyUyMTFtMiUyMTFzMHg0N2YzNGQ3ZjlkMWExNjkxJTI1M0EweDg1Zjg0MTEzMmE0NDE5ZjclMjEyc0xCU0ElMjE1ZTAlMjEzbTIlMjExc2ZyJTIxMnNmciUyMTR2MTU0NzQ1ODkyODU3MCUyMiUyMHdpZHRoJTNEJTIyODAwJTIyJTIwaGVpZ2h0JTNEJTIyNjAwJTIyJTIwZnJhbWVib3JkZXIlM0QlMjIwJTIyJTIwc3R5bGUlM0QlMjJib3JkZXIlM0EwJTIyJTIwYWxsb3dmdWxsc2NyZWVuJTNFJTNDJTJGaWZyYW1lJTNF&#8221; css_animation=&#8221;fadeIn&#8221; css=&#8221;.vc_custom_1547459289351{margin-left: 0px !important;border-left-width: 0px !important;padding-top: 0px !important;padding-bottom: 0px !important;}&#8221;][\/vc_column][\/vc_row]<\/p>\n","protected":false},"excerpt":{"rendered":"<p>[vc_row css_animation=&#8221;&#8221; row_type=&#8221;row&#8221; use_row_as_full_screen_section=&#8221;no&#8221; type=&#8221;grid&#8221; angled_section=&#8221;no&#8221; text_align=&#8221;left&#8221; background_image_as_pattern=&#8221;without_pattern&#8221; padding_top=&#8221;90&#8243; padding_bottom=&#8221;149&#8243; z_index=&#8221;&#8221; css=&#8221;.vc_custom_1547459542625{padding-bottom: 60px !important;}&#8221;][vc_column width=&#8221;1\/2&#8243; offset=&#8221;vc_col-md-5&#8243;][qode_elements_holder number_of_columns=&#8221;one_column&#8221;][qode_elements_holder_item item_padding=&#8221;100px 68px 0 0px&#8221; advanced_animations=&#8221;no&#8221; item_padding_1280_1440=&#8221;76px 68px 0 0px&#8221; item_padding_1024_1280=&#8221;76px 68px 0 0px&#8221; item_padding_768_1024=&#8221;72px 40px 0 0px&#8221; item_padding_600_768=&#8221;10px 40px 50px 0px&#8221; item_padding_480_600=&#8221;10px 0px 50px 0px&#8221; item_padding_480=&#8221;10px 0px 50px&#8230;<\/p>\n","protected":false},"author":1,"featured_media":0,"parent":0,"menu_order":0,"comment_status":"closed","ping_status":"closed","template":"full_width.php","meta":{"footnotes":""},"class_list":["post-822","page","type-page","status-publish","hentry"],"_links":{"self":[{"href":"https:\/\/www.scierielbsa.fr\/es\/wp-json\/wp\/v2\/pages\/822","targetHints":{"allow":["GET"]}}],"collection":[{"href":"https:\/\/www.scierielbsa.fr\/es\/wp-json\/wp\/v2\/pages"}],"about":[{"href":"https:\/\/www.scierielbsa.fr\/es\/wp-json\/wp\/v2\/types\/page"}],"author":[{"embeddable":true,"href":"https:\/\/www.scierielbsa.fr\/es\/wp-json\/wp\/v2\/users\/1"}],"replies":[{"embeddable":true,"href":"https:\/\/www.scierielbsa.fr\/es\/wp-json\/wp\/v2\/comments?post=822"}],"version-history":[{"count":8,"href":"https:\/\/www.scierielbsa.fr\/es\/wp-json\/wp\/v2\/pages\/822\/revisions"}],"predecessor-version":[{"id":1012,"href":"https:\/\/www.scierielbsa.fr\/es\/wp-json\/wp\/v2\/pages\/822\/revisions\/1012"}],"wp:attachment":[{"href":"https:\/\/www.scierielbsa.fr\/es\/wp-json\/wp\/v2\/media?parent=822"}],"curies":[{"name":"wp","href":"https:\/\/api.w.org\/{rel}","templated":true}]}}