{"id":813,"date":"2018-02-20T08:55:21","date_gmt":"2018-02-20T08:55:21","guid":{"rendered":"https:\/\/www.scierielbsa.fr\/atouts-scierie\/"},"modified":"2019-02-05T13:37:42","modified_gmt":"2019-02-05T12:37:42","slug":"nuestros-recursos","status":"publish","type":"page","link":"https:\/\/www.scierielbsa.fr\/es\/nuestros-recursos\/","title":{"rendered":"Nuestros recursos"},"content":{"rendered":"<p>[vc_row css_animation=&#8221;&#8221; row_type=&#8221;row&#8221; use_row_as_full_screen_section=&#8221;no&#8221; type=&#8221;grid&#8221; angled_section=&#8221;no&#8221; text_align=&#8221;left&#8221; background_image_as_pattern=&#8221;without_pattern&#8221; padding_top=&#8221;80&#8243; padding_bottom=&#8221;0&#8243; z_index=&#8221;&#8221; css=&#8221;.vc_custom_1547484500694{background-position: center !important;background-repeat: no-repeat !important;background-size: cover !important;}&#8221;][vc_column][vc_row_inner row_type=&#8221;row&#8221; type=&#8221;full_width&#8221; text_align=&#8221;left&#8221; padding_bottom=&#8221;80&#8243; css_animation=&#8221;&#8221;][vc_column_inner offset=&#8221;vc_col-md-7&#8243;][vc_single_image image=&#8221;291&#8243; img_size=&#8221;full&#8221; qode_css_animation=&#8221;&#8221;][vc_empty_space height=&#8221;30px&#8221;]<div class=\"qode-advanced-image-gallery  qode-aig-grid-type qode-small-space qode-has-shadow qode-image-behavior-lightbox \">\n\t<div class=\"qode-aig-inner qode-outer-space qode-aig-grid qode-aig-four-columns\">\n\t\t\t\t\t<div class=\"qode-aig-image qode-item-space\">\n\t\t\t\t<div class=\"qode-aig-image-inner\">\n\t\t\t\t\t\t\t\t\t\t\t<a itemprop=\"image\" class=\"qode-aig-lightbox\" href=\"https:\/\/www.scierielbsa.fr\/wp-content\/uploads\/2019\/01\/hommes-qualifie\u0301s-lbsa-scierie-5-e1547484721230.jpg\" data-rel=\"prettyPhoto[image_gallery_pretty_photo-800]\" title=\"Hommes qualifie\u0301s \u00a9 scierie LBSA\">\n\t\t\t\t\t\t\t\t\t\t\t<img loading=\"lazy\" decoding=\"async\" width=\"1900\" height=\"1268\" src=\"https:\/\/www.scierielbsa.fr\/wp-content\/uploads\/2019\/01\/hommes-qualifie\u0301s-lbsa-scierie-5-e1547484721230.jpg\" class=\"attachment-full size-full\" alt=\"Photo : homme qualifi\u00e9\" srcset=\"https:\/\/www.scierielbsa.fr\/wp-content\/uploads\/2019\/01\/hommes-qualifie\u0301s-lbsa-scierie-5-e1547484721230.jpg 1900w, https:\/\/www.scierielbsa.fr\/wp-content\/uploads\/2019\/01\/hommes-qualifie\u0301s-lbsa-scierie-5-e1547484721230-300x200.jpg 300w, https:\/\/www.scierielbsa.fr\/wp-content\/uploads\/2019\/01\/hommes-qualifie\u0301s-lbsa-scierie-5-e1547484721230-768x513.jpg 768w, https:\/\/www.scierielbsa.fr\/wp-content\/uploads\/2019\/01\/hommes-qualifie\u0301s-lbsa-scierie-5-e1547484721230-1024x683.jpg 1024w, https:\/\/www.scierielbsa.fr\/wp-content\/uploads\/2019\/01\/hommes-qualifie\u0301s-lbsa-scierie-5-e1547484721230-700x467.jpg 700w, https:\/\/www.scierielbsa.fr\/wp-content\/uploads\/2019\/01\/hommes-qualifie\u0301s-lbsa-scierie-5-e1547484721230-600x400.jpg 600w\" sizes=\"auto, (max-width: 1900px) 100vw, 1900px\" \/>\t\t\t\t\t\t<span class=\"aig-gallery-hover\">\n\t\t\t\t\t\t\t\t\t\t\t\t\t\t\t<span class=\"icon-arrows-plus\"><\/span> \n\t\t\t\t\t\t\t\t\t\t\t\t\t<\/span>\n\t\t\t\t\t\t\t\t\t\t\t<\/a>\n\t\t\t\t\t\t\t\t\t<\/div>\n\t\t\t<\/div>\n\t\t\t\t\t<div class=\"qode-aig-image qode-item-space\">\n\t\t\t\t<div class=\"qode-aig-image-inner\">\n\t\t\t\t\t\t\t\t\t\t\t<a itemprop=\"image\" class=\"qode-aig-lightbox\" href=\"https:\/\/www.scierielbsa.fr\/wp-content\/uploads\/2019\/01\/hommes-qualifie\u0301s-lbsa-scierie-3.jpg\" data-rel=\"prettyPhoto[image_gallery_pretty_photo-800]\" title=\"Hommes qualifie\u0301s \u00a9 scierie LBSA\">\n\t\t\t\t\t\t\t\t\t\t\t<img loading=\"lazy\" decoding=\"async\" width=\"1900\" height=\"1267\" src=\"https:\/\/www.scierielbsa.fr\/wp-content\/uploads\/2019\/01\/hommes-qualifie\u0301s-lbsa-scierie-3.jpg\" class=\"attachment-full size-full\" alt=\"Photo : hommes qualifi\u00e9s\" srcset=\"https:\/\/www.scierielbsa.fr\/wp-content\/uploads\/2019\/01\/hommes-qualifie\u0301s-lbsa-scierie-3.jpg 1900w, https:\/\/www.scierielbsa.fr\/wp-content\/uploads\/2019\/01\/hommes-qualifie\u0301s-lbsa-scierie-3-600x400.jpg 600w, https:\/\/www.scierielbsa.fr\/wp-content\/uploads\/2019\/01\/hommes-qualifie\u0301s-lbsa-scierie-3-300x200.jpg 300w, https:\/\/www.scierielbsa.fr\/wp-content\/uploads\/2019\/01\/hommes-qualifie\u0301s-lbsa-scierie-3-768x512.jpg 768w, https:\/\/www.scierielbsa.fr\/wp-content\/uploads\/2019\/01\/hommes-qualifie\u0301s-lbsa-scierie-3-1024x683.jpg 1024w, https:\/\/www.scierielbsa.fr\/wp-content\/uploads\/2019\/01\/hommes-qualifie\u0301s-lbsa-scierie-3-700x467.jpg 700w\" sizes=\"auto, (max-width: 1900px) 100vw, 1900px\" \/>\t\t\t\t\t\t<span class=\"aig-gallery-hover\">\n\t\t\t\t\t\t\t\t\t\t\t\t\t\t\t<span class=\"icon-arrows-plus\"><\/span> \n\t\t\t\t\t\t\t\t\t\t\t\t\t<\/span>\n\t\t\t\t\t\t\t\t\t\t\t<\/a>\n\t\t\t\t\t\t\t\t\t<\/div>\n\t\t\t<\/div>\n\t\t\t\t\t<div class=\"qode-aig-image qode-item-space\">\n\t\t\t\t<div class=\"qode-aig-image-inner\">\n\t\t\t\t\t\t\t\t\t\t\t<a itemprop=\"image\" class=\"qode-aig-lightbox\" href=\"https:\/\/www.scierielbsa.fr\/wp-content\/uploads\/2019\/01\/hommes-qualifie\u0301s-lbsa-scierie-2.jpg\" data-rel=\"prettyPhoto[image_gallery_pretty_photo-800]\" title=\"Hommes qualifie\u0301s \u00a9 scierie LBSA\">\n\t\t\t\t\t\t\t\t\t\t\t<img loading=\"lazy\" decoding=\"async\" width=\"1900\" height=\"1271\" src=\"https:\/\/www.scierielbsa.fr\/wp-content\/uploads\/2019\/01\/hommes-qualifie\u0301s-lbsa-scierie-2.jpg\" class=\"attachment-full size-full\" alt=\"Photo : hommes qualifi\u00e9s\" srcset=\"https:\/\/www.scierielbsa.fr\/wp-content\/uploads\/2019\/01\/hommes-qualifie\u0301s-lbsa-scierie-2.jpg 1900w, https:\/\/www.scierielbsa.fr\/wp-content\/uploads\/2019\/01\/hommes-qualifie\u0301s-lbsa-scierie-2-600x401.jpg 600w, https:\/\/www.scierielbsa.fr\/wp-content\/uploads\/2019\/01\/hommes-qualifie\u0301s-lbsa-scierie-2-300x201.jpg 300w, https:\/\/www.scierielbsa.fr\/wp-content\/uploads\/2019\/01\/hommes-qualifie\u0301s-lbsa-scierie-2-768x514.jpg 768w, https:\/\/www.scierielbsa.fr\/wp-content\/uploads\/2019\/01\/hommes-qualifie\u0301s-lbsa-scierie-2-1024x685.jpg 1024w, https:\/\/www.scierielbsa.fr\/wp-content\/uploads\/2019\/01\/hommes-qualifie\u0301s-lbsa-scierie-2-700x468.jpg 700w\" sizes=\"auto, (max-width: 1900px) 100vw, 1900px\" \/>\t\t\t\t\t\t<span class=\"aig-gallery-hover\">\n\t\t\t\t\t\t\t\t\t\t\t\t\t\t\t<span class=\"icon-arrows-plus\"><\/span> \n\t\t\t\t\t\t\t\t\t\t\t\t\t<\/span>\n\t\t\t\t\t\t\t\t\t\t\t<\/a>\n\t\t\t\t\t\t\t\t\t<\/div>\n\t\t\t<\/div>\n\t\t\t\t\t<div class=\"qode-aig-image qode-item-space\">\n\t\t\t\t<div class=\"qode-aig-image-inner\">\n\t\t\t\t\t\t\t\t\t\t\t<a itemprop=\"image\" class=\"qode-aig-lightbox\" href=\"https:\/\/www.scierielbsa.fr\/wp-content\/uploads\/2019\/01\/hommes-qualifie\u0301s-lbsa-scierie-1.jpg\" data-rel=\"prettyPhoto[image_gallery_pretty_photo-800]\" title=\"Hommes qualifie\u0301s \u00a9 scierie LBSA\">\n\t\t\t\t\t\t\t\t\t\t\t<img loading=\"lazy\" decoding=\"async\" width=\"1900\" height=\"1272\" src=\"https:\/\/www.scierielbsa.fr\/wp-content\/uploads\/2019\/01\/hommes-qualifie\u0301s-lbsa-scierie-1.jpg\" class=\"attachment-full size-full\" alt=\"Photo : hommes qualifi\u00e9s\" srcset=\"https:\/\/www.scierielbsa.fr\/wp-content\/uploads\/2019\/01\/hommes-qualifie\u0301s-lbsa-scierie-1.jpg 1900w, https:\/\/www.scierielbsa.fr\/wp-content\/uploads\/2019\/01\/hommes-qualifie\u0301s-lbsa-scierie-1-600x402.jpg 600w, https:\/\/www.scierielbsa.fr\/wp-content\/uploads\/2019\/01\/hommes-qualifie\u0301s-lbsa-scierie-1-300x201.jpg 300w, https:\/\/www.scierielbsa.fr\/wp-content\/uploads\/2019\/01\/hommes-qualifie\u0301s-lbsa-scierie-1-768x514.jpg 768w, https:\/\/www.scierielbsa.fr\/wp-content\/uploads\/2019\/01\/hommes-qualifie\u0301s-lbsa-scierie-1-1024x686.jpg 1024w, https:\/\/www.scierielbsa.fr\/wp-content\/uploads\/2019\/01\/hommes-qualifie\u0301s-lbsa-scierie-1-700x469.jpg 700w\" sizes=\"auto, (max-width: 1900px) 100vw, 1900px\" \/>\t\t\t\t\t\t<span class=\"aig-gallery-hover\">\n\t\t\t\t\t\t\t\t\t\t\t\t\t\t\t<span class=\"icon-arrows-plus\"><\/span> \n\t\t\t\t\t\t\t\t\t\t\t\t\t<\/span>\n\t\t\t\t\t\t\t\t\t\t\t<\/a>\n\t\t\t\t\t\t\t\t\t<\/div>\n\t\t\t<\/div>\n\t\t\t<\/div>\n<\/div>[\/vc_column_inner][vc_column_inner offset=&#8221;vc_col-md-5&#8243;][qode_elements_holder number_of_columns=&#8221;one_column&#8221;][qode_elements_holder_item item_padding=&#8221;0px 0px 0 52px&#8221; advanced_animations=&#8221;no&#8221; item_padding_1280_1440=&#8221;48px 0px 0 52px&#8221; item_padding_768_1024=&#8221;16px 0px 0 28px&#8221; item_padding_600_768=&#8221;40px 0px 0 0px&#8221; item_padding_480_600=&#8221;40px 0px 0 0px&#8221; item_padding_480=&#8221;40px 0px 0 0px&#8221;][vc_column_text]<\/p>\n<h4>Experiencia<\/h4>\n<p>[\/vc_column_text][vc_empty_space height=&#8221;12px&#8221;][vc_column_text]<\/p>\n<h2>Personal cualificado<\/h2>\n<p>[\/vc_column_text][vc_empty_space height=&#8221;26px&#8221;][vc_column_text]Desde la compra de la materia prima hasta la carga de los productos, nuestra actividad conlleva diferentes oficios que demandan de nuestros colaboradores competencias espec\u00edficas y experiencia.<br \/>\nEl dominio de todas estas etapas es un elemento principal de nuestra estrategia.[\/vc_column_text][\/qode_elements_holder_item][\/qode_elements_holder][\/vc_column_inner][\/vc_row_inner][\/vc_column][\/vc_row][vc_row css_animation=&#8221;&#8221; row_type=&#8221;row&#8221; use_row_as_full_screen_section=&#8221;no&#8221; type=&#8221;grid&#8221; angled_section=&#8221;no&#8221; text_align=&#8221;left&#8221; background_image_as_pattern=&#8221;without_pattern&#8221; padding_top=&#8221;80&#8243; padding_bottom=&#8221;0&#8243; z_index=&#8221;&#8221; css=&#8221;.vc_custom_1547484493060{background-image: url(https:\/\/www.scierielbsa.fr\/wp-content\/uploads\/2018\/02\/home-background-1.jpg?id=22) !important;}&#8221;][vc_column][vc_row_inner row_type=&#8221;row&#8221; type=&#8221;full_width&#8221; text_align=&#8221;left&#8221; css_animation=&#8221;&#8221;][vc_column_inner offset=&#8221;vc_col-md-5&#8243;][qode_elements_holder number_of_columns=&#8221;one_column&#8221;][qode_elements_holder_item item_padding=&#8221;0px 52px 0 0&#8243; advanced_animations=&#8221;no&#8221; item_padding_480_600=&#8221;40px 0px 40px 0px !important;&#8221; item_padding_480=&#8221;40px 0px 40px 0px !important;&#8221;][vc_column_text]<\/p>\n<h4>Calidad a gran escala<\/h4>\n<p>[\/vc_column_text][vc_empty_space height=&#8221;12px&#8221;][vc_column_text]<\/p>\n<h2>Una herramienta de producci\u00f3n eficaz<\/h2>\n<p>[\/vc_column_text][vc_empty_space height=&#8221;26px&#8221;][vc_column_text]Nuestro aserradero transforma 32 000 m3 de troncos al a\u00f1o y esto con ayuda de una cinta de doble corte. Esta herramienta permite un aserrado de ida y vuelta.<br \/>\nTambi\u00e9n disponemos de varias reaserradoras que nos permiten realizar las tareas de canteado, desdoblado y corte de longitud.<br \/>\nEn nuestro taller de corte de madera seca, cortamos 7000 m3\/a\u00f1o de troncos y tablones sin cantear de roble previamente secadas, que transformamos en tablas canteadas y piecerios. Este taller ofrece una gran capacidad de reacci\u00f3n ante las necesidades de nuestros clientes.[\/vc_column_text][\/qode_elements_holder_item][\/qode_elements_holder][\/vc_column_inner][vc_column_inner offset=&#8221;vc_col-md-7&#8243;][vc_single_image image=&#8221;300&#8243; img_size=&#8221;full&#8221; qode_css_animation=&#8221;&#8221;][vc_empty_space height=&#8221;30px&#8221;]<div class=\"qode-advanced-image-gallery  qode-aig-grid-type qode-small-space qode-has-shadow qode-image-behavior-lightbox \">\n\t<div class=\"qode-aig-inner qode-outer-space qode-aig-grid qode-aig-four-columns\">\n\t\t\t\t\t<div class=\"qode-aig-image qode-item-space\">\n\t\t\t\t<div class=\"qode-aig-image-inner\">\n\t\t\t\t\t\t\t\t\t\t\t<a itemprop=\"image\" class=\"qode-aig-lightbox\" href=\"https:\/\/www.scierielbsa.fr\/wp-content\/uploads\/2019\/01\/outil-de-production-lbsa-scierie-5.jpg\" data-rel=\"prettyPhoto[image_gallery_pretty_photo-311]\" title=\"Outil de production \u00a9 scierie LBSA\">\n\t\t\t\t\t\t\t\t\t\t\t<img loading=\"lazy\" decoding=\"async\" width=\"1900\" height=\"1267\" src=\"https:\/\/www.scierielbsa.fr\/wp-content\/uploads\/2019\/01\/outil-de-production-lbsa-scierie-5.jpg\" class=\"attachment-full size-full\" alt=\"Photo : Outil de production\" srcset=\"https:\/\/www.scierielbsa.fr\/wp-content\/uploads\/2019\/01\/outil-de-production-lbsa-scierie-5.jpg 1900w, https:\/\/www.scierielbsa.fr\/wp-content\/uploads\/2019\/01\/outil-de-production-lbsa-scierie-5-600x400.jpg 600w, https:\/\/www.scierielbsa.fr\/wp-content\/uploads\/2019\/01\/outil-de-production-lbsa-scierie-5-300x200.jpg 300w, https:\/\/www.scierielbsa.fr\/wp-content\/uploads\/2019\/01\/outil-de-production-lbsa-scierie-5-768x512.jpg 768w, https:\/\/www.scierielbsa.fr\/wp-content\/uploads\/2019\/01\/outil-de-production-lbsa-scierie-5-1024x683.jpg 1024w, https:\/\/www.scierielbsa.fr\/wp-content\/uploads\/2019\/01\/outil-de-production-lbsa-scierie-5-700x467.jpg 700w\" sizes=\"auto, (max-width: 1900px) 100vw, 1900px\" \/>\t\t\t\t\t\t<span class=\"aig-gallery-hover\">\n\t\t\t\t\t\t\t\t\t\t\t\t\t\t\t<span class=\"icon-arrows-plus\"><\/span> \n\t\t\t\t\t\t\t\t\t\t\t\t\t<\/span>\n\t\t\t\t\t\t\t\t\t\t\t<\/a>\n\t\t\t\t\t\t\t\t\t<\/div>\n\t\t\t<\/div>\n\t\t\t\t\t<div class=\"qode-aig-image qode-item-space\">\n\t\t\t\t<div class=\"qode-aig-image-inner\">\n\t\t\t\t\t\t\t\t\t\t\t<a itemprop=\"image\" class=\"qode-aig-lightbox\" href=\"https:\/\/www.scierielbsa.fr\/wp-content\/uploads\/2019\/01\/outil-de-production-lbsa-scierie-4.jpg\" data-rel=\"prettyPhoto[image_gallery_pretty_photo-311]\" title=\"Outil de production \u00a9 scierie LBSA\">\n\t\t\t\t\t\t\t\t\t\t\t<img loading=\"lazy\" decoding=\"async\" width=\"1900\" height=\"1267\" src=\"https:\/\/www.scierielbsa.fr\/wp-content\/uploads\/2019\/01\/outil-de-production-lbsa-scierie-4.jpg\" class=\"attachment-full size-full\" alt=\"Photo : Outil de production\" srcset=\"https:\/\/www.scierielbsa.fr\/wp-content\/uploads\/2019\/01\/outil-de-production-lbsa-scierie-4.jpg 1900w, https:\/\/www.scierielbsa.fr\/wp-content\/uploads\/2019\/01\/outil-de-production-lbsa-scierie-4-600x400.jpg 600w, https:\/\/www.scierielbsa.fr\/wp-content\/uploads\/2019\/01\/outil-de-production-lbsa-scierie-4-300x200.jpg 300w, https:\/\/www.scierielbsa.fr\/wp-content\/uploads\/2019\/01\/outil-de-production-lbsa-scierie-4-768x512.jpg 768w, https:\/\/www.scierielbsa.fr\/wp-content\/uploads\/2019\/01\/outil-de-production-lbsa-scierie-4-1024x683.jpg 1024w, https:\/\/www.scierielbsa.fr\/wp-content\/uploads\/2019\/01\/outil-de-production-lbsa-scierie-4-700x467.jpg 700w\" sizes=\"auto, (max-width: 1900px) 100vw, 1900px\" \/>\t\t\t\t\t\t<span class=\"aig-gallery-hover\">\n\t\t\t\t\t\t\t\t\t\t\t\t\t\t\t<span class=\"icon-arrows-plus\"><\/span> \n\t\t\t\t\t\t\t\t\t\t\t\t\t<\/span>\n\t\t\t\t\t\t\t\t\t\t\t<\/a>\n\t\t\t\t\t\t\t\t\t<\/div>\n\t\t\t<\/div>\n\t\t\t\t\t<div class=\"qode-aig-image qode-item-space\">\n\t\t\t\t<div class=\"qode-aig-image-inner\">\n\t\t\t\t\t\t\t\t\t\t\t<a itemprop=\"image\" class=\"qode-aig-lightbox\" href=\"https:\/\/www.scierielbsa.fr\/wp-content\/uploads\/2019\/01\/outil-de-production-lbsa-scierie-1-e1547484764707.jpg\" data-rel=\"prettyPhoto[image_gallery_pretty_photo-311]\" title=\"Outil de production \u00a9 scierie LBSA\">\n\t\t\t\t\t\t\t\t\t\t\t<img loading=\"lazy\" decoding=\"async\" width=\"1900\" height=\"1268\" src=\"https:\/\/www.scierielbsa.fr\/wp-content\/uploads\/2019\/01\/outil-de-production-lbsa-scierie-1-e1547484764707.jpg\" class=\"attachment-full size-full\" alt=\"Photo : Outil de production\" srcset=\"https:\/\/www.scierielbsa.fr\/wp-content\/uploads\/2019\/01\/outil-de-production-lbsa-scierie-1-e1547484764707.jpg 1900w, https:\/\/www.scierielbsa.fr\/wp-content\/uploads\/2019\/01\/outil-de-production-lbsa-scierie-1-e1547484764707-300x200.jpg 300w, https:\/\/www.scierielbsa.fr\/wp-content\/uploads\/2019\/01\/outil-de-production-lbsa-scierie-1-e1547484764707-768x513.jpg 768w, https:\/\/www.scierielbsa.fr\/wp-content\/uploads\/2019\/01\/outil-de-production-lbsa-scierie-1-e1547484764707-1024x683.jpg 1024w, https:\/\/www.scierielbsa.fr\/wp-content\/uploads\/2019\/01\/outil-de-production-lbsa-scierie-1-e1547484764707-700x467.jpg 700w, https:\/\/www.scierielbsa.fr\/wp-content\/uploads\/2019\/01\/outil-de-production-lbsa-scierie-1-e1547484764707-600x400.jpg 600w\" sizes=\"auto, (max-width: 1900px) 100vw, 1900px\" \/>\t\t\t\t\t\t<span class=\"aig-gallery-hover\">\n\t\t\t\t\t\t\t\t\t\t\t\t\t\t\t<span class=\"icon-arrows-plus\"><\/span> \n\t\t\t\t\t\t\t\t\t\t\t\t\t<\/span>\n\t\t\t\t\t\t\t\t\t\t\t<\/a>\n\t\t\t\t\t\t\t\t\t<\/div>\n\t\t\t<\/div>\n\t\t\t\t\t<div class=\"qode-aig-image qode-item-space\">\n\t\t\t\t<div class=\"qode-aig-image-inner\">\n\t\t\t\t\t\t\t\t\t\t\t<a itemprop=\"image\" class=\"qode-aig-lightbox\" href=\"https:\/\/www.scierielbsa.fr\/wp-content\/uploads\/2019\/01\/outil-de-production-chene-scierie-lbsa.jpg\" data-rel=\"prettyPhoto[image_gallery_pretty_photo-311]\" title=\"Outil de production \u00a9 scierie LBSA\">\n\t\t\t\t\t\t\t\t\t\t\t<img loading=\"lazy\" decoding=\"async\" width=\"1900\" height=\"1267\" src=\"https:\/\/www.scierielbsa.fr\/wp-content\/uploads\/2019\/01\/outil-de-production-chene-scierie-lbsa.jpg\" class=\"attachment-full size-full\" alt=\"Photo : Outil de production\" srcset=\"https:\/\/www.scierielbsa.fr\/wp-content\/uploads\/2019\/01\/outil-de-production-chene-scierie-lbsa.jpg 1900w, https:\/\/www.scierielbsa.fr\/wp-content\/uploads\/2019\/01\/outil-de-production-chene-scierie-lbsa-600x400.jpg 600w, https:\/\/www.scierielbsa.fr\/wp-content\/uploads\/2019\/01\/outil-de-production-chene-scierie-lbsa-300x200.jpg 300w, https:\/\/www.scierielbsa.fr\/wp-content\/uploads\/2019\/01\/outil-de-production-chene-scierie-lbsa-768x512.jpg 768w, https:\/\/www.scierielbsa.fr\/wp-content\/uploads\/2019\/01\/outil-de-production-chene-scierie-lbsa-1024x683.jpg 1024w, https:\/\/www.scierielbsa.fr\/wp-content\/uploads\/2019\/01\/outil-de-production-chene-scierie-lbsa-700x467.jpg 700w\" sizes=\"auto, (max-width: 1900px) 100vw, 1900px\" \/>\t\t\t\t\t\t<span class=\"aig-gallery-hover\">\n\t\t\t\t\t\t\t\t\t\t\t\t\t\t\t<span class=\"icon-arrows-plus\"><\/span> \n\t\t\t\t\t\t\t\t\t\t\t\t\t<\/span>\n\t\t\t\t\t\t\t\t\t\t\t<\/a>\n\t\t\t\t\t\t\t\t\t<\/div>\n\t\t\t<\/div>\n\t\t\t<\/div>\n<\/div>[\/vc_column_inner][\/vc_row_inner][\/vc_column][\/vc_row][vc_row css_animation=&#8221;&#8221; row_type=&#8221;row&#8221; use_row_as_full_screen_section=&#8221;no&#8221; type=&#8221;grid&#8221; angled_section=&#8221;no&#8221; text_align=&#8221;left&#8221; background_image_as_pattern=&#8221;without_pattern&#8221; padding_top=&#8221;80&#8243; padding_bottom=&#8221;0&#8243; z_index=&#8221;&#8221; css=&#8221;.vc_custom_1547484474411{background-position: center !important;background-repeat: no-repeat !important;background-size: cover !important;}&#8221;][vc_column][vc_row_inner row_type=&#8221;row&#8221; type=&#8221;full_width&#8221; text_align=&#8221;left&#8221; padding_bottom=&#8221;80&#8243; css_animation=&#8221;&#8221;][vc_column_inner offset=&#8221;vc_col-md-7&#8243;][vc_single_image image=&#8221;304&#8243; img_size=&#8221;full&#8221; qode_css_animation=&#8221;&#8221;][vc_empty_space height=&#8221;30px&#8221;]<div class=\"qode-advanced-image-gallery  qode-aig-grid-type qode-small-space qode-has-shadow qode-image-behavior-lightbox \">\n\t<div class=\"qode-aig-inner qode-outer-space qode-aig-grid qode-aig-four-columns\">\n\t\t\t\t\t<div class=\"qode-aig-image qode-item-space\">\n\t\t\t\t<div class=\"qode-aig-image-inner\">\n\t\t\t\t\t\t\t\t\t\t\t<a itemprop=\"image\" class=\"qode-aig-lightbox\" href=\"https:\/\/www.scierielbsa.fr\/wp-content\/uploads\/2019\/01\/outil-de-production-ou-sechage-lbsa-scierie.jpg\" data-rel=\"prettyPhoto[image_gallery_pretty_photo-852]\" title=\"Outil de production &#8211; s\u00e9chage \u00a9 scierie LBSA\">\n\t\t\t\t\t\t\t\t\t\t\t<img loading=\"lazy\" decoding=\"async\" width=\"1900\" height=\"1267\" src=\"https:\/\/www.scierielbsa.fr\/wp-content\/uploads\/2019\/01\/outil-de-production-ou-sechage-lbsa-scierie.jpg\" class=\"attachment-full size-full\" alt=\"Photo : Outil de production s\u00e9chage\" srcset=\"https:\/\/www.scierielbsa.fr\/wp-content\/uploads\/2019\/01\/outil-de-production-ou-sechage-lbsa-scierie.jpg 1900w, https:\/\/www.scierielbsa.fr\/wp-content\/uploads\/2019\/01\/outil-de-production-ou-sechage-lbsa-scierie-600x400.jpg 600w, https:\/\/www.scierielbsa.fr\/wp-content\/uploads\/2019\/01\/outil-de-production-ou-sechage-lbsa-scierie-300x200.jpg 300w, https:\/\/www.scierielbsa.fr\/wp-content\/uploads\/2019\/01\/outil-de-production-ou-sechage-lbsa-scierie-768x512.jpg 768w, https:\/\/www.scierielbsa.fr\/wp-content\/uploads\/2019\/01\/outil-de-production-ou-sechage-lbsa-scierie-1024x683.jpg 1024w, https:\/\/www.scierielbsa.fr\/wp-content\/uploads\/2019\/01\/outil-de-production-ou-sechage-lbsa-scierie-700x467.jpg 700w\" sizes=\"auto, (max-width: 1900px) 100vw, 1900px\" \/>\t\t\t\t\t\t<span class=\"aig-gallery-hover\">\n\t\t\t\t\t\t\t\t\t\t\t\t\t\t\t<span class=\"icon-arrows-plus\"><\/span> \n\t\t\t\t\t\t\t\t\t\t\t\t\t<\/span>\n\t\t\t\t\t\t\t\t\t\t\t<\/a>\n\t\t\t\t\t\t\t\t\t<\/div>\n\t\t\t<\/div>\n\t\t\t<\/div>\n<\/div>[\/vc_column_inner][vc_column_inner offset=&#8221;vc_col-md-5&#8243;][qode_elements_holder number_of_columns=&#8221;one_column&#8221;][qode_elements_holder_item item_padding=&#8221;0px 0px 0 52px&#8221; advanced_animations=&#8221;no&#8221; item_padding_1280_1440=&#8221;48px 0px 0 52px&#8221; item_padding_768_1024=&#8221;16px 0px 0 28px&#8221; item_padding_600_768=&#8221;40px 0px 0 0px&#8221; item_padding_480_600=&#8221;40px 0px 0 0px&#8221; item_padding_480=&#8221;40px 0px 0 0px&#8221;][vc_column_text]<\/p>\n<h4>Condiciones ideales<\/h4>\n<p>[\/vc_column_text][vc_empty_space height=&#8221;12px&#8221;][vc_column_text]<\/p>\n<h2>El dominio del secado<\/h2>\n<p>[\/vc_column_text][vc_empty_space height=&#8221;26px&#8221;][vc_column_text]El secado es una etapa clave en la transformaci\u00f3n del roble. Le confiere caracter\u00edsticas indispensables para un uso \u00f3ptimo.<br \/>\nNuestro dispositivo compuesto por 15 c\u00e9lulas de secado, es decir, 2000 m3, nos permite, alcanzar los \u00edndices de humedad deseados y, todo esto, en el mejor tiempo posible.<br \/>\nGracias a nuestros 1800 m2 de edificios aislados, disponemos de un volumen importante de madera seca, almacenada en las condiciones ideales y lista para cargar.[\/vc_column_text][\/qode_elements_holder_item][\/qode_elements_holder][\/vc_column_inner][\/vc_row_inner][\/vc_column][\/vc_row][vc_row css_animation=&#8221;&#8221; row_type=&#8221;row&#8221; use_row_as_full_screen_section=&#8221;no&#8221; type=&#8221;grid&#8221; angled_section=&#8221;no&#8221; text_align=&#8221;left&#8221; background_image_as_pattern=&#8221;without_pattern&#8221; padding_top=&#8221;80&#8243; padding_bottom=&#8221;50&#8243; z_index=&#8221;&#8221; css=&#8221;.vc_custom_1547484465099{background-image: url(https:\/\/www.scierielbsa.fr\/wp-content\/uploads\/2018\/02\/home-background-1.jpg?id=22) !important;}&#8221;][vc_column][vc_row_inner row_type=&#8221;row&#8221; type=&#8221;full_width&#8221; text_align=&#8221;left&#8221; css_animation=&#8221;&#8221;][vc_column_inner offset=&#8221;vc_col-md-5&#8243;][qode_elements_holder number_of_columns=&#8221;one_column&#8221;][qode_elements_holder_item item_padding=&#8221;0px 52px 0 0&#8243; advanced_animations=&#8221;no&#8221; item_padding_480_600=&#8221;40px 0px 40px 0px !important;&#8221; item_padding_480=&#8221;40px 0px 40px 0px !important;&#8221;][vc_column_text]<\/p>\n<h4>Productos a medida y est\u00e1ndares<\/h4>\n<p>[\/vc_column_text][vc_empty_space height=&#8221;12px&#8221;][vc_column_text]<\/p>\n<h2>Una oferta completa y diversificada<\/h2>\n<p>[\/vc_column_text][vc_empty_space height=&#8221;26px&#8221;][vc_column_text]Para responder mejor a las necesidades de nuestros clientes, LBSA ha sabido adaptarse y ofrecer productos a medida como complemento a su producci\u00f3n est\u00e1ndar.<br \/>\nDisponemos de un stock de roble transformado de 11 000 m3 en forma de tablas canteadas, troncos, tablones sin cantear, vigas y traviesas en diferentes calidades y secciones.[\/vc_column_text][\/qode_elements_holder_item][\/qode_elements_holder][\/vc_column_inner][vc_column_inner offset=&#8221;vc_col-md-7&#8243;][vc_single_image image=&#8221;294&#8243; img_size=&#8221;full&#8221; qode_css_animation=&#8221;&#8221;][vc_empty_space height=&#8221;30px&#8221;][\/vc_column_inner][\/vc_row_inner][\/vc_column][\/vc_row]<\/p>\n","protected":false},"excerpt":{"rendered":"<p>[vc_row css_animation=&#8221;&#8221; row_type=&#8221;row&#8221; use_row_as_full_screen_section=&#8221;no&#8221; type=&#8221;grid&#8221; angled_section=&#8221;no&#8221; text_align=&#8221;left&#8221; background_image_as_pattern=&#8221;without_pattern&#8221; padding_top=&#8221;80&#8243; padding_bottom=&#8221;0&#8243; z_index=&#8221;&#8221; css=&#8221;.vc_custom_1547484500694{background-position: center !important;background-repeat: no-repeat !important;background-size: cover !important;}&#8221;][vc_column][vc_row_inner row_type=&#8221;row&#8221; type=&#8221;full_width&#8221; text_align=&#8221;left&#8221; padding_bottom=&#8221;80&#8243; css_animation=&#8221;&#8221;][vc_column_inner offset=&#8221;vc_col-md-7&#8243;][vc_single_image image=&#8221;291&#8243; img_size=&#8221;full&#8221; qode_css_animation=&#8221;&#8221;][vc_empty_space height=&#8221;30px&#8221;][\/vc_column_inner][vc_column_inner offset=&#8221;vc_col-md-5&#8243;][qode_elements_holder number_of_columns=&#8221;one_column&#8221;][qode_elements_holder_item item_padding=&#8221;0px 0px 0 52px&#8221; advanced_animations=&#8221;no&#8221; item_padding_1280_1440=&#8221;48px 0px 0 52px&#8221; item_padding_768_1024=&#8221;16px 0px 0 28px&#8221; item_padding_600_768=&#8221;40px 0px&#8230;<\/p>\n","protected":false},"author":1,"featured_media":0,"parent":0,"menu_order":0,"comment_status":"closed","ping_status":"closed","template":"full_width.php","meta":{"footnotes":""},"class_list":["post-813","page","type-page","status-publish","hentry"],"_links":{"self":[{"href":"https:\/\/www.scierielbsa.fr\/es\/wp-json\/wp\/v2\/pages\/813","targetHints":{"allow":["GET"]}}],"collection":[{"href":"https:\/\/www.scierielbsa.fr\/es\/wp-json\/wp\/v2\/pages"}],"about":[{"href":"https:\/\/www.scierielbsa.fr\/es\/wp-json\/wp\/v2\/types\/page"}],"author":[{"embeddable":true,"href":"https:\/\/www.scierielbsa.fr\/es\/wp-json\/wp\/v2\/users\/1"}],"replies":[{"embeddable":true,"href":"https:\/\/www.scierielbsa.fr\/es\/wp-json\/wp\/v2\/comments?post=813"}],"version-history":[{"count":8,"href":"https:\/\/www.scierielbsa.fr\/es\/wp-json\/wp\/v2\/pages\/813\/revisions"}],"predecessor-version":[{"id":1008,"href":"https:\/\/www.scierielbsa.fr\/es\/wp-json\/wp\/v2\/pages\/813\/revisions\/1008"}],"wp:attachment":[{"href":"https:\/\/www.scierielbsa.fr\/es\/wp-json\/wp\/v2\/media?parent=813"}],"curies":[{"name":"wp","href":"https:\/\/api.w.org\/{rel}","templated":true}]}}