{"id":803,"date":"2019-01-14T09:50:44","date_gmt":"2019-01-14T08:50:44","guid":{"rendered":"https:\/\/www.scierielbsa.fr\/cookies\/"},"modified":"2019-01-14T09:50:44","modified_gmt":"2019-01-14T08:50:44","slug":"cookies","status":"publish","type":"page","link":"https:\/\/www.scierielbsa.fr\/es\/cookies\/","title":{"rendered":"Cookies"},"content":{"rendered":"\n<h2 class=\"wp-block-heading\">Ce site utilise des Cookies<\/h2>\n\n\n\n<p>Les cookies permettent au site de fonctionner. Les cookies sont de petits fichiers texte qui servent \u00e0 faciliter votre navigation. Ils sont utilis\u00e9s par des logiciels ou sites tiers pour offrir davantage de services, la mesure d&#8217;audience et la personnalisation de contenus (ex : partage de contenus sur les r\u00e9seaux sociaux, lecture directe de vid\u00e9os, statistiques Google Analytics\u2026). Nos partenaires de m\u00e9dias sociaux ou d\u2019analyse de trafic peuvent adjoindre ces donn\u00e9es \u00e0 celles que vous avez fournies par ailleurs.<\/p>\n\n\n\n<p>Votre consentement est demand\u00e9 lors de la premi\u00e8re consultation du site. En poursuivant votre navigation, vous acceptez de plein droit l\u2019usage des cookies que vous pouvez \u00e0 tout moment r\u00e9futer en utilisant le bouton ci-dessous.&nbsp;Seuls, les cookies n\u00e9cessaires ne peuvent pas \u00eatre retir\u00e9s. Ils permettent de stocker votre choix concernant l&#8217;usage des cookies sur ce site.<\/p>\n\n\n\n<p>Cette acceptation est consid\u00e9r\u00e9e comme acquise pour une dur\u00e9e de 12 mois sur ce site. Au-del\u00e0, ce consentement vous sera de nouveau propos\u00e9 apr\u00e8s effacement complet des cookies.<\/p>\n\n\n\n<h2 class=\"wp-block-heading\">Consentement<\/h2>\n\n\n\n<p>Autoriser l&#8217;utilisation des cookies sur ce site :&nbsp; [cookie_notice_options true=&#8221;Accepter&#8221; false=&#8221;Refuser&#8221;]<\/p>\n\n\n\n<h2 class=\"wp-block-heading\">Liste des cookies utilis\u00e9s sur ce site :<\/h2>\n\n\n\n<h3 class=\"wp-block-heading\">N\u00e9cessaire (1)<\/h3>\n\n\n\n<table class=\"wp-block-table\"><thead><tr><th>Noms des cookies<\/th><th>Fournisseur<\/th><th>Finalit\u00e9<\/th><\/tr><\/thead><tbody><tr><td>cookie-consentement<\/td><td>Cookie de consentement<\/td><td>Stocke l&#8217;autorisation d&#8217;utilisation de cookies pour le domaine actuel par l&#8217;utilisateur<\/td><\/tr><\/tbody><\/table>\n\n\n\n<h3 class=\"wp-block-heading\">Statistiques (1)<\/h3>\n\n\n\n<table class=\"wp-block-table\"><thead><tr><th>Noms des cookies<\/th><th>Fournisseur<\/th><th>Finalit\u00e9<\/th><\/tr><\/thead><tbody><tr><td>_ga, _gat, _gid, __utma, __utmb, __utmc, __utmt, __utmz, _gat_gtag_XXXXXXXXXX<\/td><td>Google Analytics (gtag.js)<br><a href=\"https:\/\/support.google.com\/analytics\/answer\/6004245 \" target=\"_blank\" rel=\"noreferrer noopener\">En savoir plus<\/a><\/td><td>Permet de g\u00e9n\u00e9rer des statistiques de fr\u00e9quentation du site.<\/td><\/tr><\/tbody><\/table>\n\n\n\n<h3 class=\"wp-block-heading\">Fonctionnel (2)<\/h3>\n\n\n\n<table class=\"wp-block-table\"><thead><tr><th>Noms des cookies<\/th><th>Fournisseur<\/th><th>Finalit\u00e9<\/th><\/tr><\/thead><tbody><tr><td>Google Maps<br><a href=\"http:\/\/www.google.com\/ads\/preferences\/\" target=\"_blank\" rel=\"noreferrer noopener\">En savoir plus<\/a><\/td><td>Permet l&#8217;affichage de mappemonde<\/td><\/tr><tr><td>nid<\/td><td>Google reCAPTCHA<br><a href=\"http:\/\/www.google.com\/policies\/privacy\/\" target=\"_blank\" rel=\"noreferrer noopener\">En savoir plus<\/a><\/td><td>Permet de s\u00e9curiser les formulaire contre les robots<\/td><\/tr><\/tbody><\/table>\n\n\n\n<p><\/p>\n\n\n\n<p><\/p>\n","protected":false},"excerpt":{"rendered":"<p>Ce site utilise des Cookies Les cookies permettent au site de fonctionner. Les cookies sont de petits fichiers texte qui servent \u00e0 faciliter votre navigation. Ils sont utilis\u00e9s par des logiciels ou sites tiers pour offrir davantage de services, la mesure d&#8217;audience et la personnalisation&#8230;<\/p>\n","protected":false},"author":1,"featured_media":0,"parent":0,"menu_order":0,"comment_status":"closed","ping_status":"closed","template":"","meta":{"footnotes":""},"class_list":["post-803","page","type-page","status-publish","hentry"],"_links":{"self":[{"href":"https:\/\/www.scierielbsa.fr\/es\/wp-json\/wp\/v2\/pages\/803","targetHints":{"allow":["GET"]}}],"collection":[{"href":"https:\/\/www.scierielbsa.fr\/es\/wp-json\/wp\/v2\/pages"}],"about":[{"href":"https:\/\/www.scierielbsa.fr\/es\/wp-json\/wp\/v2\/types\/page"}],"author":[{"embeddable":true,"href":"https:\/\/www.scierielbsa.fr\/es\/wp-json\/wp\/v2\/users\/1"}],"replies":[{"embeddable":true,"href":"https:\/\/www.scierielbsa.fr\/es\/wp-json\/wp\/v2\/comments?post=803"}],"version-history":[{"count":0,"href":"https:\/\/www.scierielbsa.fr\/es\/wp-json\/wp\/v2\/pages\/803\/revisions"}],"wp:attachment":[{"href":"https:\/\/www.scierielbsa.fr\/es\/wp-json\/wp\/v2\/media?parent=803"}],"curies":[{"name":"wp","href":"https:\/\/api.w.org\/{rel}","templated":true}]}}