{"id":1180,"date":"2020-11-17T12:05:17","date_gmt":"2020-11-17T11:05:17","guid":{"rendered":"https:\/\/www.scierielbsa.fr\/nouvelle-unite-de-sciage\/"},"modified":"2020-12-15T12:21:32","modified_gmt":"2020-12-15T11:21:32","slug":"nouvelle-unite-de-sciage","status":"publish","type":"page","link":"https:\/\/www.scierielbsa.fr\/es\/nouvelle-unite-de-sciage\/","title":{"rendered":"Nueva planta de producci\u00f3n"},"content":{"rendered":"<p>[vc_row css_animation=&#8221;&#8221; row_type=&#8221;row&#8221; use_row_as_full_screen_section=&#8221;no&#8221; type=&#8221;full_width&#8221; angled_section=&#8221;no&#8221; text_align=&#8221;left&#8221; background_image_as_pattern=&#8221;without_pattern&#8221;][vc_column][vc_row_inner row_type=&#8221;row&#8221; type=&#8221;full_width&#8221; text_align=&#8221;left&#8221; css_animation=&#8221;&#8221;][vc_column_inner width=&#8221;1\/2&#8243;]<div class=\"qode_video_box\">\r\n\t<a itemprop=\"image\" class=\"qode_video_image\" href=\"https:\/\/youtu.be\/5wCx_WhWLLk\" data-rel=\"prettyPhoto\">\r\n\t\t\t\r\n\t\t\t<img decoding=\"async\" src=\"https:\/\/www.scierielbsa.fr\/wp-content\/uploads\/2020\/11\/ligne_sciage_2020.jpg\" \/>\r\n\t\t\t<span class=\"qode_video_box_button_holder\">\r\n\t\t\t\t<span class=\"qode_video_box_button\">\r\n\t\t\t\t\t<span class=\"qode_video_box_button_arrow\">\r\n\t\t\t\t\t<\/span>\r\n\t\t\t\t<\/span>\r\n\t\t\t<\/span>\r\n\t\t\t<\/a>\r\n<\/div>[vc_empty_space height=&#8221;30px&#8221;]<div class=\"qode-advanced-image-gallery  qode-aig-grid-type qode-small-space qode-has-shadow qode-image-behavior-lightbox \">\n\t<div class=\"qode-aig-inner qode-outer-space qode-aig-grid qode-aig-four-columns\">\n\t\t\t\t\t<div class=\"qode-aig-image qode-item-space\">\n\t\t\t\t<div class=\"qode-aig-image-inner\">\n\t\t\t\t\t\t\t\t\t\t\t<a itemprop=\"image\" class=\"qode-aig-lightbox\" href=\"https:\/\/www.scierielbsa.fr\/wp-content\/uploads\/2020\/12\/Vue-ae\u0301rienne-2020-\u00a9Scierie-LBSA.jpg\" data-rel=\"prettyPhoto[image_gallery_pretty_photo-263]\" title=\"Vue ae\u0301rienne 2020 \u00a9Scierie LBSA\">\n\t\t\t\t\t\t\t\t\t\t\t<img loading=\"lazy\" decoding=\"async\" width=\"1200\" height=\"716\" src=\"https:\/\/www.scierielbsa.fr\/wp-content\/uploads\/2020\/12\/Vue-ae\u0301rienne-2020-\u00a9Scierie-LBSA.jpg\" class=\"attachment-full size-full\" alt=\"Photo : Vue ae\u0301rienne 2020 \u00a9Scierie LBSA\" srcset=\"https:\/\/www.scierielbsa.fr\/wp-content\/uploads\/2020\/12\/Vue-ae\u0301rienne-2020-\u00a9Scierie-LBSA.jpg 1200w, https:\/\/www.scierielbsa.fr\/wp-content\/uploads\/2020\/12\/Vue-ae\u0301rienne-2020-\u00a9Scierie-LBSA-300x179.jpg 300w, https:\/\/www.scierielbsa.fr\/wp-content\/uploads\/2020\/12\/Vue-ae\u0301rienne-2020-\u00a9Scierie-LBSA-768x458.jpg 768w, https:\/\/www.scierielbsa.fr\/wp-content\/uploads\/2020\/12\/Vue-ae\u0301rienne-2020-\u00a9Scierie-LBSA-1024x611.jpg 1024w, https:\/\/www.scierielbsa.fr\/wp-content\/uploads\/2020\/12\/Vue-ae\u0301rienne-2020-\u00a9Scierie-LBSA-700x418.jpg 700w, https:\/\/www.scierielbsa.fr\/wp-content\/uploads\/2020\/12\/Vue-ae\u0301rienne-2020-\u00a9Scierie-LBSA-600x358.jpg 600w\" sizes=\"auto, (max-width: 1200px) 100vw, 1200px\" \/>\t\t\t\t\t\t<span class=\"aig-gallery-hover\">\n\t\t\t\t\t\t\t\t\t\t\t\t\t\t\t<span class=\"icon-arrows-plus\"><\/span> \n\t\t\t\t\t\t\t\t\t\t\t\t\t<\/span>\n\t\t\t\t\t\t\t\t\t\t\t<\/a>\n\t\t\t\t\t\t\t\t\t<\/div>\n\t\t\t<\/div>\n\t\t\t\t\t<div class=\"qode-aig-image qode-item-space\">\n\t\t\t\t<div class=\"qode-aig-image-inner\">\n\t\t\t\t\t\t\t\t\t\t\t<a itemprop=\"image\" class=\"qode-aig-lightbox\" href=\"https:\/\/www.scierielbsa.fr\/wp-content\/uploads\/2020\/12\/Vue-ae\u0301rienne-nouvelle-ligne-sciage-scierie-LBSA.jpg\" data-rel=\"prettyPhoto[image_gallery_pretty_photo-263]\" title=\"Vue ae\u0301rienne nouvelle ligne sciage \u00a9Scierie LBSA\">\n\t\t\t\t\t\t\t\t\t\t\t<img loading=\"lazy\" decoding=\"async\" width=\"1200\" height=\"899\" src=\"https:\/\/www.scierielbsa.fr\/wp-content\/uploads\/2020\/12\/Vue-ae\u0301rienne-nouvelle-ligne-sciage-scierie-LBSA.jpg\" class=\"attachment-full size-full\" alt=\"Photo : Vue ae\u0301rienne nouvelle ligne sciage \u00a9Scierie LBSA\" srcset=\"https:\/\/www.scierielbsa.fr\/wp-content\/uploads\/2020\/12\/Vue-ae\u0301rienne-nouvelle-ligne-sciage-scierie-LBSA.jpg 1200w, https:\/\/www.scierielbsa.fr\/wp-content\/uploads\/2020\/12\/Vue-ae\u0301rienne-nouvelle-ligne-sciage-scierie-LBSA-300x225.jpg 300w, https:\/\/www.scierielbsa.fr\/wp-content\/uploads\/2020\/12\/Vue-ae\u0301rienne-nouvelle-ligne-sciage-scierie-LBSA-768x575.jpg 768w, https:\/\/www.scierielbsa.fr\/wp-content\/uploads\/2020\/12\/Vue-ae\u0301rienne-nouvelle-ligne-sciage-scierie-LBSA-1024x767.jpg 1024w, https:\/\/www.scierielbsa.fr\/wp-content\/uploads\/2020\/12\/Vue-ae\u0301rienne-nouvelle-ligne-sciage-scierie-LBSA-800x600.jpg 800w, https:\/\/www.scierielbsa.fr\/wp-content\/uploads\/2020\/12\/Vue-ae\u0301rienne-nouvelle-ligne-sciage-scierie-LBSA-700x524.jpg 700w, https:\/\/www.scierielbsa.fr\/wp-content\/uploads\/2020\/12\/Vue-ae\u0301rienne-nouvelle-ligne-sciage-scierie-LBSA-600x450.jpg 600w\" sizes=\"auto, (max-width: 1200px) 100vw, 1200px\" \/>\t\t\t\t\t\t<span class=\"aig-gallery-hover\">\n\t\t\t\t\t\t\t\t\t\t\t\t\t\t\t<span class=\"icon-arrows-plus\"><\/span> \n\t\t\t\t\t\t\t\t\t\t\t\t\t<\/span>\n\t\t\t\t\t\t\t\t\t\t\t<\/a>\n\t\t\t\t\t\t\t\t\t<\/div>\n\t\t\t<\/div>\n\t\t\t\t\t<div class=\"qode-aig-image qode-item-space\">\n\t\t\t\t<div class=\"qode-aig-image-inner\">\n\t\t\t\t\t\t\t\t\t\t\t<a itemprop=\"image\" class=\"qode-aig-lightbox\" href=\"https:\/\/www.scierielbsa.fr\/wp-content\/uploads\/2020\/12\/Nouvelle-ligne-de-sciage-\u00a9Scierie-LBSA.jpg\" data-rel=\"prettyPhoto[image_gallery_pretty_photo-263]\" title=\"Nouvelle ligne de sciage 2020 \u00a9Scierie LBSA\">\n\t\t\t\t\t\t\t\t\t\t\t<img loading=\"lazy\" decoding=\"async\" width=\"1200\" height=\"900\" src=\"https:\/\/www.scierielbsa.fr\/wp-content\/uploads\/2020\/12\/Nouvelle-ligne-de-sciage-\u00a9Scierie-LBSA.jpg\" class=\"attachment-full size-full\" alt=\"Photo : Nouvelle ligne de sciage 2020 \u00a9Scierie LBSA\" srcset=\"https:\/\/www.scierielbsa.fr\/wp-content\/uploads\/2020\/12\/Nouvelle-ligne-de-sciage-\u00a9Scierie-LBSA.jpg 1200w, https:\/\/www.scierielbsa.fr\/wp-content\/uploads\/2020\/12\/Nouvelle-ligne-de-sciage-\u00a9Scierie-LBSA-300x225.jpg 300w, https:\/\/www.scierielbsa.fr\/wp-content\/uploads\/2020\/12\/Nouvelle-ligne-de-sciage-\u00a9Scierie-LBSA-768x576.jpg 768w, https:\/\/www.scierielbsa.fr\/wp-content\/uploads\/2020\/12\/Nouvelle-ligne-de-sciage-\u00a9Scierie-LBSA-1024x768.jpg 1024w, https:\/\/www.scierielbsa.fr\/wp-content\/uploads\/2020\/12\/Nouvelle-ligne-de-sciage-\u00a9Scierie-LBSA-800x600.jpg 800w, https:\/\/www.scierielbsa.fr\/wp-content\/uploads\/2020\/12\/Nouvelle-ligne-de-sciage-\u00a9Scierie-LBSA-700x525.jpg 700w, https:\/\/www.scierielbsa.fr\/wp-content\/uploads\/2020\/12\/Nouvelle-ligne-de-sciage-\u00a9Scierie-LBSA-600x450.jpg 600w\" sizes=\"auto, (max-width: 1200px) 100vw, 1200px\" \/>\t\t\t\t\t\t<span class=\"aig-gallery-hover\">\n\t\t\t\t\t\t\t\t\t\t\t\t\t\t\t<span class=\"icon-arrows-plus\"><\/span> \n\t\t\t\t\t\t\t\t\t\t\t\t\t<\/span>\n\t\t\t\t\t\t\t\t\t\t\t<\/a>\n\t\t\t\t\t\t\t\t\t<\/div>\n\t\t\t<\/div>\n\t\t\t\t\t<div class=\"qode-aig-image qode-item-space\">\n\t\t\t\t<div class=\"qode-aig-image-inner\">\n\t\t\t\t\t\t\t\t\t\t\t<a itemprop=\"image\" class=\"qode-aig-lightbox\" href=\"https:\/\/www.scierielbsa.fr\/wp-content\/uploads\/2020\/12\/Ligne-de-sciage-\u00a9Scierie-LBSA.jpg\" data-rel=\"prettyPhoto[image_gallery_pretty_photo-263]\" title=\"Vue a\u00e9rienne \u00a9Scierie LBSA\">\n\t\t\t\t\t\t\t\t\t\t\t<img loading=\"lazy\" decoding=\"async\" width=\"1200\" height=\"899\" src=\"https:\/\/www.scierielbsa.fr\/wp-content\/uploads\/2020\/12\/Ligne-de-sciage-\u00a9Scierie-LBSA.jpg\" class=\"attachment-full size-full\" alt=\"Photo : Vue a\u00e9rienne \u00a9Scierie LBSA\" srcset=\"https:\/\/www.scierielbsa.fr\/wp-content\/uploads\/2020\/12\/Ligne-de-sciage-\u00a9Scierie-LBSA.jpg 1200w, https:\/\/www.scierielbsa.fr\/wp-content\/uploads\/2020\/12\/Ligne-de-sciage-\u00a9Scierie-LBSA-300x225.jpg 300w, https:\/\/www.scierielbsa.fr\/wp-content\/uploads\/2020\/12\/Ligne-de-sciage-\u00a9Scierie-LBSA-768x575.jpg 768w, https:\/\/www.scierielbsa.fr\/wp-content\/uploads\/2020\/12\/Ligne-de-sciage-\u00a9Scierie-LBSA-1024x767.jpg 1024w, https:\/\/www.scierielbsa.fr\/wp-content\/uploads\/2020\/12\/Ligne-de-sciage-\u00a9Scierie-LBSA-800x600.jpg 800w, https:\/\/www.scierielbsa.fr\/wp-content\/uploads\/2020\/12\/Ligne-de-sciage-\u00a9Scierie-LBSA-700x524.jpg 700w, https:\/\/www.scierielbsa.fr\/wp-content\/uploads\/2020\/12\/Ligne-de-sciage-\u00a9Scierie-LBSA-600x450.jpg 600w\" sizes=\"auto, (max-width: 1200px) 100vw, 1200px\" \/>\t\t\t\t\t\t<span class=\"aig-gallery-hover\">\n\t\t\t\t\t\t\t\t\t\t\t\t\t\t\t<span class=\"icon-arrows-plus\"><\/span> \n\t\t\t\t\t\t\t\t\t\t\t\t\t<\/span>\n\t\t\t\t\t\t\t\t\t\t\t<\/a>\n\t\t\t\t\t\t\t\t\t<\/div>\n\t\t\t<\/div>\n\t\t\t\t\t<div class=\"qode-aig-image qode-item-space\">\n\t\t\t\t<div class=\"qode-aig-image-inner\">\n\t\t\t\t\t\t\t\t\t\t\t<a itemprop=\"image\" class=\"qode-aig-lightbox\" href=\"https:\/\/www.scierielbsa.fr\/wp-content\/uploads\/2020\/12\/Outil-de-production-1-\u00a9Scierie-LBSA.jpg\" data-rel=\"prettyPhoto[image_gallery_pretty_photo-263]\" title=\"Outil de production \u00a9Scierie LBSA\">\n\t\t\t\t\t\t\t\t\t\t\t<img loading=\"lazy\" decoding=\"async\" width=\"1200\" height=\"900\" src=\"https:\/\/www.scierielbsa.fr\/wp-content\/uploads\/2020\/12\/Outil-de-production-1-\u00a9Scierie-LBSA.jpg\" class=\"attachment-full size-full\" alt=\"Photo : Outil de production \u00a9Scierie LBSA\" srcset=\"https:\/\/www.scierielbsa.fr\/wp-content\/uploads\/2020\/12\/Outil-de-production-1-\u00a9Scierie-LBSA.jpg 1200w, https:\/\/www.scierielbsa.fr\/wp-content\/uploads\/2020\/12\/Outil-de-production-1-\u00a9Scierie-LBSA-300x225.jpg 300w, https:\/\/www.scierielbsa.fr\/wp-content\/uploads\/2020\/12\/Outil-de-production-1-\u00a9Scierie-LBSA-768x576.jpg 768w, https:\/\/www.scierielbsa.fr\/wp-content\/uploads\/2020\/12\/Outil-de-production-1-\u00a9Scierie-LBSA-1024x768.jpg 1024w, https:\/\/www.scierielbsa.fr\/wp-content\/uploads\/2020\/12\/Outil-de-production-1-\u00a9Scierie-LBSA-800x600.jpg 800w, https:\/\/www.scierielbsa.fr\/wp-content\/uploads\/2020\/12\/Outil-de-production-1-\u00a9Scierie-LBSA-700x525.jpg 700w, https:\/\/www.scierielbsa.fr\/wp-content\/uploads\/2020\/12\/Outil-de-production-1-\u00a9Scierie-LBSA-600x450.jpg 600w\" sizes=\"auto, (max-width: 1200px) 100vw, 1200px\" \/>\t\t\t\t\t\t<span class=\"aig-gallery-hover\">\n\t\t\t\t\t\t\t\t\t\t\t\t\t\t\t<span class=\"icon-arrows-plus\"><\/span> \n\t\t\t\t\t\t\t\t\t\t\t\t\t<\/span>\n\t\t\t\t\t\t\t\t\t\t\t<\/a>\n\t\t\t\t\t\t\t\t\t<\/div>\n\t\t\t<\/div>\n\t\t\t\t\t<div class=\"qode-aig-image qode-item-space\">\n\t\t\t\t<div class=\"qode-aig-image-inner\">\n\t\t\t\t\t\t\t\t\t\t\t<a itemprop=\"image\" class=\"qode-aig-lightbox\" href=\"https:\/\/www.scierielbsa.fr\/wp-content\/uploads\/2020\/12\/Outil-de-production-3-\u00a9Scierie-LBSA.jpg\" data-rel=\"prettyPhoto[image_gallery_pretty_photo-263]\" title=\"Outil de production \u00a9Scierie LBSA\">\n\t\t\t\t\t\t\t\t\t\t\t<img loading=\"lazy\" decoding=\"async\" width=\"1200\" height=\"900\" src=\"https:\/\/www.scierielbsa.fr\/wp-content\/uploads\/2020\/12\/Outil-de-production-3-\u00a9Scierie-LBSA.jpg\" class=\"attachment-full size-full\" alt=\"Photo : Outil de production \u00a9Scierie LBSA\" srcset=\"https:\/\/www.scierielbsa.fr\/wp-content\/uploads\/2020\/12\/Outil-de-production-3-\u00a9Scierie-LBSA.jpg 1200w, https:\/\/www.scierielbsa.fr\/wp-content\/uploads\/2020\/12\/Outil-de-production-3-\u00a9Scierie-LBSA-300x225.jpg 300w, https:\/\/www.scierielbsa.fr\/wp-content\/uploads\/2020\/12\/Outil-de-production-3-\u00a9Scierie-LBSA-768x576.jpg 768w, https:\/\/www.scierielbsa.fr\/wp-content\/uploads\/2020\/12\/Outil-de-production-3-\u00a9Scierie-LBSA-1024x768.jpg 1024w, https:\/\/www.scierielbsa.fr\/wp-content\/uploads\/2020\/12\/Outil-de-production-3-\u00a9Scierie-LBSA-800x600.jpg 800w, https:\/\/www.scierielbsa.fr\/wp-content\/uploads\/2020\/12\/Outil-de-production-3-\u00a9Scierie-LBSA-700x525.jpg 700w, https:\/\/www.scierielbsa.fr\/wp-content\/uploads\/2020\/12\/Outil-de-production-3-\u00a9Scierie-LBSA-600x450.jpg 600w\" sizes=\"auto, (max-width: 1200px) 100vw, 1200px\" \/>\t\t\t\t\t\t<span class=\"aig-gallery-hover\">\n\t\t\t\t\t\t\t\t\t\t\t\t\t\t\t<span class=\"icon-arrows-plus\"><\/span> \n\t\t\t\t\t\t\t\t\t\t\t\t\t<\/span>\n\t\t\t\t\t\t\t\t\t\t\t<\/a>\n\t\t\t\t\t\t\t\t\t<\/div>\n\t\t\t<\/div>\n\t\t\t\t\t<div class=\"qode-aig-image qode-item-space\">\n\t\t\t\t<div class=\"qode-aig-image-inner\">\n\t\t\t\t\t\t\t\t\t\t\t<a itemprop=\"image\" class=\"qode-aig-lightbox\" href=\"https:\/\/www.scierielbsa.fr\/wp-content\/uploads\/2020\/12\/Outil-de-production-2-\u00a9Scierie-LBSA.jpg\" data-rel=\"prettyPhoto[image_gallery_pretty_photo-263]\" title=\"Outil de production \u00a9Scierie LBSA\">\n\t\t\t\t\t\t\t\t\t\t\t<img loading=\"lazy\" decoding=\"async\" width=\"1200\" height=\"900\" src=\"https:\/\/www.scierielbsa.fr\/wp-content\/uploads\/2020\/12\/Outil-de-production-2-\u00a9Scierie-LBSA.jpg\" class=\"attachment-full size-full\" alt=\"Photo : Outil de production \u00a9Scierie LBSA\" srcset=\"https:\/\/www.scierielbsa.fr\/wp-content\/uploads\/2020\/12\/Outil-de-production-2-\u00a9Scierie-LBSA.jpg 1200w, https:\/\/www.scierielbsa.fr\/wp-content\/uploads\/2020\/12\/Outil-de-production-2-\u00a9Scierie-LBSA-300x225.jpg 300w, https:\/\/www.scierielbsa.fr\/wp-content\/uploads\/2020\/12\/Outil-de-production-2-\u00a9Scierie-LBSA-768x576.jpg 768w, https:\/\/www.scierielbsa.fr\/wp-content\/uploads\/2020\/12\/Outil-de-production-2-\u00a9Scierie-LBSA-1024x768.jpg 1024w, https:\/\/www.scierielbsa.fr\/wp-content\/uploads\/2020\/12\/Outil-de-production-2-\u00a9Scierie-LBSA-800x600.jpg 800w, https:\/\/www.scierielbsa.fr\/wp-content\/uploads\/2020\/12\/Outil-de-production-2-\u00a9Scierie-LBSA-700x525.jpg 700w, https:\/\/www.scierielbsa.fr\/wp-content\/uploads\/2020\/12\/Outil-de-production-2-\u00a9Scierie-LBSA-600x450.jpg 600w\" sizes=\"auto, (max-width: 1200px) 100vw, 1200px\" \/>\t\t\t\t\t\t<span class=\"aig-gallery-hover\">\n\t\t\t\t\t\t\t\t\t\t\t\t\t\t\t<span class=\"icon-arrows-plus\"><\/span> \n\t\t\t\t\t\t\t\t\t\t\t\t\t<\/span>\n\t\t\t\t\t\t\t\t\t\t\t<\/a>\n\t\t\t\t\t\t\t\t\t<\/div>\n\t\t\t<\/div>\n\t\t\t\t\t<div class=\"qode-aig-image qode-item-space\">\n\t\t\t\t<div class=\"qode-aig-image-inner\">\n\t\t\t\t\t\t\t\t\t\t\t<a itemprop=\"image\" class=\"qode-aig-lightbox\" href=\"https:\/\/www.scierielbsa.fr\/wp-content\/uploads\/2020\/12\/Ligne-de-production-\u00a9Scierie-LBSA.jpg\" data-rel=\"prettyPhoto[image_gallery_pretty_photo-263]\" title=\"Ligne de production \u00a9Scierie LBSA\">\n\t\t\t\t\t\t\t\t\t\t\t<img loading=\"lazy\" decoding=\"async\" width=\"1200\" height=\"899\" src=\"https:\/\/www.scierielbsa.fr\/wp-content\/uploads\/2020\/12\/Ligne-de-production-\u00a9Scierie-LBSA.jpg\" class=\"attachment-full size-full\" alt=\"Photo : Ligne de production \u00a9Scierie LBSA\" srcset=\"https:\/\/www.scierielbsa.fr\/wp-content\/uploads\/2020\/12\/Ligne-de-production-\u00a9Scierie-LBSA.jpg 1200w, https:\/\/www.scierielbsa.fr\/wp-content\/uploads\/2020\/12\/Ligne-de-production-\u00a9Scierie-LBSA-300x225.jpg 300w, https:\/\/www.scierielbsa.fr\/wp-content\/uploads\/2020\/12\/Ligne-de-production-\u00a9Scierie-LBSA-768x575.jpg 768w, https:\/\/www.scierielbsa.fr\/wp-content\/uploads\/2020\/12\/Ligne-de-production-\u00a9Scierie-LBSA-1024x767.jpg 1024w, https:\/\/www.scierielbsa.fr\/wp-content\/uploads\/2020\/12\/Ligne-de-production-\u00a9Scierie-LBSA-800x600.jpg 800w, https:\/\/www.scierielbsa.fr\/wp-content\/uploads\/2020\/12\/Ligne-de-production-\u00a9Scierie-LBSA-700x524.jpg 700w, https:\/\/www.scierielbsa.fr\/wp-content\/uploads\/2020\/12\/Ligne-de-production-\u00a9Scierie-LBSA-600x450.jpg 600w\" sizes=\"auto, (max-width: 1200px) 100vw, 1200px\" \/>\t\t\t\t\t\t<span class=\"aig-gallery-hover\">\n\t\t\t\t\t\t\t\t\t\t\t\t\t\t\t<span class=\"icon-arrows-plus\"><\/span> \n\t\t\t\t\t\t\t\t\t\t\t\t\t<\/span>\n\t\t\t\t\t\t\t\t\t\t\t<\/a>\n\t\t\t\t\t\t\t\t\t<\/div>\n\t\t\t<\/div>\n\t\t\t<\/div>\n<\/div>[\/vc_column_inner][vc_column_inner width=&#8221;1\/2&#8243;][vc_column_text]<\/p>\n<h4>Producciones complementarias<\/h4>\n<h2>Nueva planta de producci\u00f3n<\/h2>\n<p><strong>Septiembre 2020,\u00a0 nuestra nueva planta de producci\u00f3n est\u00e1 plenamente operativa.<\/strong><\/p>\n<p style=\"font-weight: 400;\">Esta instalaci\u00f3n moderna transformara unos 15\u00a0000 m3 de troncos de roble por a\u00f1o.<\/p>\n<p style=\"font-weight: 400;\">Los objetivos principales son garantizar a nuestro taller de corte de madera seca el volumen necesario en tablones y ampliar nuestra gama de productos para nuestros clientes.<\/p>\n<p style=\"font-weight: 400;\">Queremos agradecer a \u00ab\u00a0BPI Investissement\u00a0\u00bb, \u00ab\u00a0la r\u00e9gion Auvergne Rh\u00f4ne-Alpes\u00a0\u00bb y \u00ab\u00a0le d\u00e9partement de l\u2019Ain\u00a0\u00bb por su apoyo durante la construcci\u00f3n de nuestra nueva planta.<\/p>\n<p><img loading=\"lazy\" decoding=\"async\" class=\"alignnone wp-image-1167\" src=\"https:\/\/www.scierielbsa.fr\/wp-content\/uploads\/2020\/12\/Logo-Web-Bpifrance-Signature-Publicitaire-Fond-blanc-300x169.png\" alt=\"Logo Web - Bpifrance Signature Publicitaire\" width=\"142\" height=\"80\" \/>\u00a0 \u00a0\u00a0\u00a0\u00a0<img loading=\"lazy\" decoding=\"async\" class=\"alignnone wp-image-1159\" src=\"https:\/\/www.scierielbsa.fr\/wp-content\/uploads\/2020\/12\/Logo_Ain_2018-1-300x155.png\" alt=\"Logo Ain 2018\" width=\"155\" height=\"80\" \/>\u00a0\u00a0<img loading=\"lazy\" decoding=\"async\" class=\"alignnone wp-image-1163\" src=\"https:\/\/www.scierielbsa.fr\/wp-content\/uploads\/2020\/12\/logo-auvergne-rhone-alpes-entreprises-jaune-rvb-1-300x131.png\" alt=\"Logo Auvergne Rh\u00f4ne Alpes Entreprises\" width=\"183\" height=\"80\" \/>[\/vc_column_text][\/vc_column_inner][\/vc_row_inner][vc_empty_space height=&#8221;80px&#8221;][vc_column_text]<\/p>\n<h2>De vuelta a la construcci\u00f3n de la nueva planta<\/h2>\n<p>[\/vc_column_text][vc_empty_space height=&#8221;30px&#8221;]<div class=\"qode_video_box\">\r\n\t<a itemprop=\"image\" class=\"qode_video_image\" href=\"https:\/\/www.youtube.com\/watch?v=gHT7YONoWFk&#038;feature=youtu.be\" data-rel=\"prettyPhoto\">\r\n\t\t\t\r\n\t\t\t<img decoding=\"async\" src=\"https:\/\/www.scierielbsa.fr\/wp-content\/uploads\/2020\/11\/Scierie-LBSA-1.jpg\" \/>\r\n\t\t\t<span class=\"qode_video_box_button_holder\">\r\n\t\t\t\t<span class=\"qode_video_box_button\">\r\n\t\t\t\t\t<span class=\"qode_video_box_button_arrow\">\r\n\t\t\t\t\t<\/span>\r\n\t\t\t\t<\/span>\r\n\t\t\t<\/span>\r\n\t\t\t<\/a>\r\n<\/div>[vc_empty_space height=&#8221;50px&#8221;][\/vc_column][\/vc_row]<\/p>\n","protected":false},"excerpt":{"rendered":"<p>[vc_row css_animation=&#8221;&#8221; row_type=&#8221;row&#8221; use_row_as_full_screen_section=&#8221;no&#8221; type=&#8221;full_width&#8221; angled_section=&#8221;no&#8221; text_align=&#8221;left&#8221; background_image_as_pattern=&#8221;without_pattern&#8221;][vc_column][vc_row_inner row_type=&#8221;row&#8221; type=&#8221;full_width&#8221; text_align=&#8221;left&#8221; css_animation=&#8221;&#8221;][vc_column_inner width=&#8221;1\/2&#8243;][vc_empty_space height=&#8221;30px&#8221;][\/vc_column_inner][vc_column_inner width=&#8221;1\/2&#8243;][vc_column_text] Producciones complementarias Nueva planta de producci\u00f3n Septiembre 2020,\u00a0 nuestra nueva planta de producci\u00f3n est\u00e1 plenamente operativa. Esta instalaci\u00f3n moderna transformara unos 15\u00a0000 m3 de troncos de roble por a\u00f1o. Los&#8230;<\/p>\n","protected":false},"author":1,"featured_media":0,"parent":0,"menu_order":0,"comment_status":"closed","ping_status":"closed","template":"","meta":{"footnotes":""},"class_list":["post-1180","page","type-page","status-publish","hentry"],"_links":{"self":[{"href":"https:\/\/www.scierielbsa.fr\/es\/wp-json\/wp\/v2\/pages\/1180","targetHints":{"allow":["GET"]}}],"collection":[{"href":"https:\/\/www.scierielbsa.fr\/es\/wp-json\/wp\/v2\/pages"}],"about":[{"href":"https:\/\/www.scierielbsa.fr\/es\/wp-json\/wp\/v2\/types\/page"}],"author":[{"embeddable":true,"href":"https:\/\/www.scierielbsa.fr\/es\/wp-json\/wp\/v2\/users\/1"}],"replies":[{"embeddable":true,"href":"https:\/\/www.scierielbsa.fr\/es\/wp-json\/wp\/v2\/comments?post=1180"}],"version-history":[{"count":4,"href":"https:\/\/www.scierielbsa.fr\/es\/wp-json\/wp\/v2\/pages\/1180\/revisions"}],"predecessor-version":[{"id":1253,"href":"https:\/\/www.scierielbsa.fr\/es\/wp-json\/wp\/v2\/pages\/1180\/revisions\/1253"}],"wp:attachment":[{"href":"https:\/\/www.scierielbsa.fr\/es\/wp-json\/wp\/v2\/media?parent=1180"}],"curies":[{"name":"wp","href":"https:\/\/api.w.org\/{rel}","templated":true}]}}